{"id":2027,"date":"2017-11-08T00:21:36","date_gmt":"2017-11-08T00:21:36","guid":{"rendered":"https:\/\/lafogataeditorial.com\/?post_type=product&#038;p=2027"},"modified":"2025-11-08T00:28:32","modified_gmt":"2025-11-08T00:28:32","slug":"julio-cortazar-para-ninas-y-ninos-chirimbote-ed","status":"publish","type":"product","link":"https:\/\/lafogataeditorial.com\/?product=julio-cortazar-para-ninas-y-ninos-chirimbote-ed","title":{"rendered":"Julio Cort\u00e1zar para ni\u00f1as y ni\u00f1os. Chirimbote Ed."},"content":{"rendered":"","protected":false},"excerpt":{"rendered":"","protected":false},"featured_media":2028,"template":"","meta":[],"product_brand":[],"product_cat":[36],"product_tag":[],"class_list":{"0":"post-2027","1":"product","2":"type-product","3":"status-publish","4":"has-post-thumbnail","6":"product_cat-infancias-libres","8":"first","9":"instock","10":"shipping-taxable","11":"product-type-simple"},"jetpack_sharing_enabled":true,"_links":{"self":[{"href":"https:\/\/lafogataeditorial.com\/index.php?rest_route=\/wp\/v2\/product\/2027","targetHints":{"allow":["GET"]}}],"collection":[{"href":"https:\/\/lafogataeditorial.com\/index.php?rest_route=\/wp\/v2\/product"}],"about":[{"href":"https:\/\/lafogataeditorial.com\/index.php?rest_route=\/wp\/v2\/types\/product"}],"wp:featuredmedia":[{"embeddable":true,"href":"https:\/\/lafogataeditorial.com\/index.php?rest_route=\/wp\/v2\/media\/2028"}],"wp:attachment":[{"href":"https:\/\/lafogataeditorial.com\/index.php?rest_route=%2Fwp%2Fv2%2Fmedia&parent=2027"}],"wp:term":[{"taxonomy":"product_brand","embeddable":true,"href":"https:\/\/lafogataeditorial.com\/index.php?rest_route=%2Fwp%2Fv2%2Fproduct_brand&post=2027"},{"taxonomy":"product_cat","embeddable":true,"href":"https:\/\/lafogataeditorial.com\/index.php?rest_route=%2Fwp%2Fv2%2Fproduct_cat&post=2027"},{"taxonomy":"product_tag","embeddable":true,"href":"https:\/\/lafogataeditorial.com\/index.php?rest_route=%2Fwp%2Fv2%2Fproduct_tag&post=2027"}],"curies":[{"name":"wp","href":"https:\/\/api.w.org\/{rel}","templated":true}]}}