{"id":1982,"date":"2022-04-25T03:41:35","date_gmt":"2022-04-25T03:41:35","guid":{"rendered":"https:\/\/lafogataeditorial.com\/?post_type=product&#038;p=1982"},"modified":"2025-11-08T00:27:37","modified_gmt":"2025-11-08T00:27:37","slug":"manuel-perez-un-cura-espanol-en-la-guerrilla-colombiana","status":"publish","type":"product","link":"https:\/\/lafogataeditorial.com\/?product=manuel-perez-un-cura-espanol-en-la-guerrilla-colombiana","title":{"rendered":"Manuel P\u00e9rez. Un cura espa\u00f1ol en la guerrilla colombiana. Fabiola Calvo Ocampo"},"content":{"rendered":"<p><span class=\"relative -mx-px my-[-0.2rem] rounded px-px py-[0.2rem] transition-colors duration-100 ease-in-out\">Fabiola Calvo presenta la biograf\u00eda de Manuel P\u00e9rez, sacerdote espa\u00f1ol que se uni\u00f3 al ELN.<\/span> <span class=\"relative -mx-px my-[-0.2rem] rounded px-px py-[0.2rem] transition-colors duration-100 ease-in-out\">La obra explora su vida, sus convicciones y su papel en la guerrilla colombiana.<\/span> <span class=\"relative -mx-px my-[-0.2rem] rounded px-px py-[0.2rem] transition-colors duration-100 ease-in-out\">Una historia de fe y compromiso revolucionario.<\/span><\/p>\n","protected":false},"excerpt":{"rendered":"<p>Fabiola Calvo presenta la biograf\u00eda de Manuel P\u00e9rez, sacerdote espa\u00f1ol que se uni\u00f3 al ELN. La obra explora su vida, sus convicciones y su papel en la guerrilla colombiana. Una historia de fe y compromiso revolucionario.<\/p>\n","protected":false},"featured_media":1917,"template":"","meta":[],"product_brand":[],"product_cat":[35],"product_tag":[],"class_list":{"0":"post-1982","1":"product","2":"type-product","3":"status-publish","4":"has-post-thumbnail","6":"product_cat-politica-y-sociedad","8":"first","9":"instock","10":"shipping-taxable","11":"product-type-simple"},"jetpack_sharing_enabled":true,"_links":{"self":[{"href":"https:\/\/lafogataeditorial.com\/index.php?rest_route=\/wp\/v2\/product\/1982","targetHints":{"allow":["GET"]}}],"collection":[{"href":"https:\/\/lafogataeditorial.com\/index.php?rest_route=\/wp\/v2\/product"}],"about":[{"href":"https:\/\/lafogataeditorial.com\/index.php?rest_route=\/wp\/v2\/types\/product"}],"wp:featuredmedia":[{"embeddable":true,"href":"https:\/\/lafogataeditorial.com\/index.php?rest_route=\/wp\/v2\/media\/1917"}],"wp:attachment":[{"href":"https:\/\/lafogataeditorial.com\/index.php?rest_route=%2Fwp%2Fv2%2Fmedia&parent=1982"}],"wp:term":[{"taxonomy":"product_brand","embeddable":true,"href":"https:\/\/lafogataeditorial.com\/index.php?rest_route=%2Fwp%2Fv2%2Fproduct_brand&post=1982"},{"taxonomy":"product_cat","embeddable":true,"href":"https:\/\/lafogataeditorial.com\/index.php?rest_route=%2Fwp%2Fv2%2Fproduct_cat&post=1982"},{"taxonomy":"product_tag","embeddable":true,"href":"https:\/\/lafogataeditorial.com\/index.php?rest_route=%2Fwp%2Fv2%2Fproduct_tag&post=1982"}],"curies":[{"name":"wp","href":"https:\/\/api.w.org\/{rel}","templated":true}]}}