{"id":1803,"date":"2019-04-24T05:25:09","date_gmt":"2019-04-24T05:25:09","guid":{"rendered":"https:\/\/lafogataeditorial.com\/?product=las-revoluciones-de-berta-guardiana-de-los-rios"},"modified":"2025-11-08T00:27:57","modified_gmt":"2025-11-08T00:27:57","slug":"las-revoluciones-de-berta-guardiana-de-los-rios","status":"publish","type":"product","link":"https:\/\/lafogataeditorial.com\/?product=las-revoluciones-de-berta-guardiana-de-los-rios","title":{"rendered":"Las revoluciones de Berta, guardiana de los r\u00edos"},"content":{"rendered":"","protected":false},"excerpt":{"rendered":"<p>Historia de vida y lucha de Berta C\u00e1ceres, lideresa ind\u00edgena y defensora ambiental hondure\u00f1a.<\/p>\n","protected":false},"featured_media":1865,"template":"","meta":[],"product_brand":[],"product_cat":[37],"product_tag":[],"class_list":{"0":"post-1803","1":"product","2":"type-product","3":"status-publish","4":"has-post-thumbnail","6":"product_cat-nuestra-america","8":"first","9":"instock","10":"shipping-taxable","11":"product-type-simple"},"jetpack_sharing_enabled":true,"_links":{"self":[{"href":"https:\/\/lafogataeditorial.com\/index.php?rest_route=\/wp\/v2\/product\/1803","targetHints":{"allow":["GET"]}}],"collection":[{"href":"https:\/\/lafogataeditorial.com\/index.php?rest_route=\/wp\/v2\/product"}],"about":[{"href":"https:\/\/lafogataeditorial.com\/index.php?rest_route=\/wp\/v2\/types\/product"}],"wp:featuredmedia":[{"embeddable":true,"href":"https:\/\/lafogataeditorial.com\/index.php?rest_route=\/wp\/v2\/media\/1865"}],"wp:attachment":[{"href":"https:\/\/lafogataeditorial.com\/index.php?rest_route=%2Fwp%2Fv2%2Fmedia&parent=1803"}],"wp:term":[{"taxonomy":"product_brand","embeddable":true,"href":"https:\/\/lafogataeditorial.com\/index.php?rest_route=%2Fwp%2Fv2%2Fproduct_brand&post=1803"},{"taxonomy":"product_cat","embeddable":true,"href":"https:\/\/lafogataeditorial.com\/index.php?rest_route=%2Fwp%2Fv2%2Fproduct_cat&post=1803"},{"taxonomy":"product_tag","embeddable":true,"href":"https:\/\/lafogataeditorial.com\/index.php?rest_route=%2Fwp%2Fv2%2Fproduct_tag&post=1803"}],"curies":[{"name":"wp","href":"https:\/\/api.w.org\/{rel}","templated":true}]}}