{"id":1800,"date":"2017-04-24T05:25:09","date_gmt":"2017-04-24T05:25:09","guid":{"rendered":"https:\/\/lafogataeditorial.com\/?product=papa-son-los-muchachos"},"modified":"2025-11-08T00:28:39","modified_gmt":"2025-11-08T00:28:39","slug":"papa-son-los-muchachos","status":"publish","type":"product","link":"https:\/\/lafogataeditorial.com\/?product=papa-son-los-muchachos","title":{"rendered":"\u00a1Pap\u00e1, son los muchachos!"},"content":{"rendered":"<p><span class=\"relative -mx-px my-[-0.2rem] rounded px-px py-[0.2rem] transition-colors duration-100 ease-in-out\">A trav\u00e9s de relatos espont\u00e1neos y genuinos, Antonio Garc\u00eda y Nicol\u00e1s Rodr\u00edguez presentan la cotidianidad campesina marcada por la solidaridad y la resistencia.<\/span> <span class=\"relative -mx-px my-[-0.2rem] rounded px-px py-[0.2rem] transition-colors duration-100 ease-in-out\">Una cr\u00f3nica que da voz a las comunidades rurales y su lucha por la dignidad.<\/span><\/p>\n","protected":false},"excerpt":{"rendered":"<p>Relatos campesinos que retratan la solidaridad, la resistencia y la utop\u00eda desde la cotidianidad.<\/p>\n","protected":false},"featured_media":1913,"template":"","meta":[],"product_brand":[],"product_cat":[35],"product_tag":[],"class_list":{"0":"post-1800","1":"product","2":"type-product","3":"status-publish","4":"has-post-thumbnail","6":"product_cat-politica-y-sociedad","8":"first","9":"instock","10":"shipping-taxable","11":"product-type-simple"},"jetpack_sharing_enabled":true,"_links":{"self":[{"href":"https:\/\/lafogataeditorial.com\/index.php?rest_route=\/wp\/v2\/product\/1800","targetHints":{"allow":["GET"]}}],"collection":[{"href":"https:\/\/lafogataeditorial.com\/index.php?rest_route=\/wp\/v2\/product"}],"about":[{"href":"https:\/\/lafogataeditorial.com\/index.php?rest_route=\/wp\/v2\/types\/product"}],"wp:featuredmedia":[{"embeddable":true,"href":"https:\/\/lafogataeditorial.com\/index.php?rest_route=\/wp\/v2\/media\/1913"}],"wp:attachment":[{"href":"https:\/\/lafogataeditorial.com\/index.php?rest_route=%2Fwp%2Fv2%2Fmedia&parent=1800"}],"wp:term":[{"taxonomy":"product_brand","embeddable":true,"href":"https:\/\/lafogataeditorial.com\/index.php?rest_route=%2Fwp%2Fv2%2Fproduct_brand&post=1800"},{"taxonomy":"product_cat","embeddable":true,"href":"https:\/\/lafogataeditorial.com\/index.php?rest_route=%2Fwp%2Fv2%2Fproduct_cat&post=1800"},{"taxonomy":"product_tag","embeddable":true,"href":"https:\/\/lafogataeditorial.com\/index.php?rest_route=%2Fwp%2Fv2%2Fproduct_tag&post=1800"}],"curies":[{"name":"wp","href":"https:\/\/api.w.org\/{rel}","templated":true}]}}