{"id":1798,"date":"2023-04-24T05:25:09","date_gmt":"2023-04-24T05:25:09","guid":{"rendered":"https:\/\/lafogataeditorial.com\/?product=la-paz-con-el-eln-y-los-regateos-del-gobierno"},"modified":"2025-11-08T00:54:55","modified_gmt":"2025-11-08T00:54:55","slug":"la-paz-con-el-eln-y-los-regateos-del-gobierno","status":"publish","type":"product","link":"https:\/\/lafogataeditorial.com\/?product=la-paz-con-el-eln-y-los-regateos-del-gobierno","title":{"rendered":"La paz con el ELN y los regateos del gobierno"},"content":{"rendered":"<p><span class=\"relative -mx-px my-[-0.2rem] rounded px-px py-[0.2rem] transition-colors duration-100 ease-in-out\">Antonio Garc\u00eda ofrece una visi\u00f3n interna de las negociaciones de paz entre el ELN y el gobierno colombiano.<\/span> <span class=\"relative -mx-px my-[-0.2rem] rounded px-px py-[0.2rem] transition-colors duration-100 ease-in-out\">A trav\u00e9s de reflexiones y an\u00e9cdotas, se revelan los desaf\u00edos y obst\u00e1culos en la b\u00fasqueda de una soluci\u00f3n al conflicto armado.<\/span> <span class=\"relative -mx-px my-[-0.2rem] rounded px-px py-[0.2rem] transition-colors duration-100 ease-in-out\">Una obra que aporta al entendimiento de los procesos de paz en Colombia.<\/span><\/p>\n","protected":false},"excerpt":{"rendered":"<p>An\u00e1lisis reflexivo sobre las negociaciones entre el ELN y el gobierno colombiano.<\/p>\n","protected":false},"featured_media":1912,"template":"","meta":[],"product_brand":[],"product_cat":[35],"product_tag":[],"class_list":{"0":"post-1798","1":"product","2":"type-product","3":"status-publish","4":"has-post-thumbnail","6":"product_cat-politica-y-sociedad","8":"first","9":"instock","10":"shipping-taxable","11":"product-type-simple"},"jetpack_sharing_enabled":true,"_links":{"self":[{"href":"https:\/\/lafogataeditorial.com\/index.php?rest_route=\/wp\/v2\/product\/1798","targetHints":{"allow":["GET"]}}],"collection":[{"href":"https:\/\/lafogataeditorial.com\/index.php?rest_route=\/wp\/v2\/product"}],"about":[{"href":"https:\/\/lafogataeditorial.com\/index.php?rest_route=\/wp\/v2\/types\/product"}],"wp:featuredmedia":[{"embeddable":true,"href":"https:\/\/lafogataeditorial.com\/index.php?rest_route=\/wp\/v2\/media\/1912"}],"wp:attachment":[{"href":"https:\/\/lafogataeditorial.com\/index.php?rest_route=%2Fwp%2Fv2%2Fmedia&parent=1798"}],"wp:term":[{"taxonomy":"product_brand","embeddable":true,"href":"https:\/\/lafogataeditorial.com\/index.php?rest_route=%2Fwp%2Fv2%2Fproduct_brand&post=1798"},{"taxonomy":"product_cat","embeddable":true,"href":"https:\/\/lafogataeditorial.com\/index.php?rest_route=%2Fwp%2Fv2%2Fproduct_cat&post=1798"},{"taxonomy":"product_tag","embeddable":true,"href":"https:\/\/lafogataeditorial.com\/index.php?rest_route=%2Fwp%2Fv2%2Fproduct_tag&post=1798"}],"curies":[{"name":"wp","href":"https:\/\/api.w.org\/{rel}","templated":true}]}}