{"id":1795,"date":"2023-04-24T05:25:08","date_gmt":"2023-04-24T05:25:08","guid":{"rendered":"https:\/\/lafogataeditorial.com\/?product=el-militarismo-israeli-en-america-latina"},"modified":"2025-11-08T00:27:30","modified_gmt":"2025-11-08T00:27:30","slug":"el-militarismo-israeli-en-america-latina","status":"publish","type":"product","link":"https:\/\/lafogataeditorial.com\/?product=el-militarismo-israeli-en-america-latina","title":{"rendered":"El militarismo israel\u00ed en Am\u00e9rica Latina"},"content":{"rendered":"<p><span class=\"relative -mx-px my-[-0.2rem] rounded px-px py-[0.2rem] transition-colors duration-100 ease-in-out\">Este libro ofrece una investigaci\u00f3n exhaustiva sobre la influencia del militarismo israel\u00ed en Am\u00e9rica Latina.<\/span> <span class=\"relative -mx-px my-[-0.2rem] rounded px-px py-[0.2rem] transition-colors duration-100 ease-in-out\">A trav\u00e9s de documentos y testimonios, se revela c\u00f3mo las doctrinas de seguridad del Estado de Israel han impactado en las pol\u00edticas represivas de la regi\u00f3n, desde las dictaduras hasta los reg\u00edmenes democr\u00e1ticos actuales.<\/span> <span class=\"relative -mx-px my-[-0.2rem] rounded px-px py-[0.2rem] transition-colors duration-100 ease-in-out\">Una lectura esencial para comprender las conexiones internacionales en materia de seguridad y represi\u00f3n.<\/span><\/p>\n","protected":false},"excerpt":{"rendered":"<p>Una investigaci\u00f3n sobre la influencia del militarismo israel\u00ed en Am\u00e9rica Latina y sus v\u00ednculos ideol\u00f3gicos con gobiernos de la regi\u00f3n.<\/p>\n","protected":false},"featured_media":1920,"template":"","meta":[],"product_brand":[],"product_cat":[37],"product_tag":[],"class_list":{"0":"post-1795","1":"product","2":"type-product","3":"status-publish","4":"has-post-thumbnail","6":"product_cat-nuestra-america","8":"first","9":"instock","10":"shipping-taxable","11":"product-type-simple"},"jetpack_sharing_enabled":true,"_links":{"self":[{"href":"https:\/\/lafogataeditorial.com\/index.php?rest_route=\/wp\/v2\/product\/1795","targetHints":{"allow":["GET"]}}],"collection":[{"href":"https:\/\/lafogataeditorial.com\/index.php?rest_route=\/wp\/v2\/product"}],"about":[{"href":"https:\/\/lafogataeditorial.com\/index.php?rest_route=\/wp\/v2\/types\/product"}],"wp:featuredmedia":[{"embeddable":true,"href":"https:\/\/lafogataeditorial.com\/index.php?rest_route=\/wp\/v2\/media\/1920"}],"wp:attachment":[{"href":"https:\/\/lafogataeditorial.com\/index.php?rest_route=%2Fwp%2Fv2%2Fmedia&parent=1795"}],"wp:term":[{"taxonomy":"product_brand","embeddable":true,"href":"https:\/\/lafogataeditorial.com\/index.php?rest_route=%2Fwp%2Fv2%2Fproduct_brand&post=1795"},{"taxonomy":"product_cat","embeddable":true,"href":"https:\/\/lafogataeditorial.com\/index.php?rest_route=%2Fwp%2Fv2%2Fproduct_cat&post=1795"},{"taxonomy":"product_tag","embeddable":true,"href":"https:\/\/lafogataeditorial.com\/index.php?rest_route=%2Fwp%2Fv2%2Fproduct_tag&post=1795"}],"curies":[{"name":"wp","href":"https:\/\/api.w.org\/{rel}","templated":true}]}}