{"id":2039,"date":"2025-11-08T00:47:31","date_gmt":"2025-11-08T00:47:31","guid":{"rendered":"https:\/\/lafogataeditorial.com\/?page_id=2039"},"modified":"2025-11-08T00:47:33","modified_gmt":"2025-11-08T00:47:33","slug":"la-fogata-un-mar-de-fueguitos","status":"publish","type":"page","link":"https:\/\/lafogataeditorial.com\/?page_id=2039","title":{"rendered":"La Fogata, un mar de fueguitos"},"content":{"rendered":"\n<p>Hace apenas<strong> una d\u00e9cada <\/strong>decidimos formar una editorial; buscamos un nombre, el que m\u00e1s nos sedujo fue <strong>La Fogata<\/strong>: nos gust\u00f3 la idea de encender fueguitos, hacer libros para que brillen con luz propia, y para que ese brillo entusiasme a quienes los lean.<\/p>\n\n\n\n<p>Ese fue el nombre del proyecto, al que enseguida se le pegaron muchos apellidos: ser\u00eda una editorial Alternativa, Independiente, Autogestiva, Popular: no sab\u00edamos por entonces c\u00f3mo iba a ser el recorrido de ah\u00ed en m\u00e1s, no ten\u00edamos claro c\u00f3mo crecer\u00eda la criatura, pero s\u00ed sab\u00edamos lo que no quer\u00edamos: no \u00edbamos a dejarnos atrapar por el sentido comercial del producto, concebir lo que hici\u00e9ramos como meras mercanc\u00edas, quedar atrapados en la l\u00f3gica c\u00ednica de la ganancia como prioridad.<\/p>\n\n\n\n<p>Con esas m\u00ednimas certezas dimos los primeros pasos: editamos libros que nos gustar\u00eda leer y otros sellos comerciales no editan. Nos dimos cuenta que hay much\u00edsimo por hacer, que no es cierto que \u201cla gente no lee\u201d sino que, muchas veces, faltan textos que entusiasmen. En poquito tiempo, en apenas dos a\u00f1os, hicimos m\u00e1s de 25.000 libros, entre los 15 t\u00edtulos que ya engrosan nuestro cat\u00e1logo.<\/p>\n\n\n\n<p>La solidaridad siempre fue un principio: porque nos proponemos ejercerla, y porque la recibimos, en grandes dosis, cuando empezamos a dar los primeros pasos. Proyectos hermanos en Colombia y en Am\u00e9rica Latina nos compartieron su experiencia, nos ofrecieron t\u00edtulos que no estaban editados en el pa\u00eds, y tambi\u00e9n planificamos ediciones conjuntas. Fue as\u00ed desde el primer libro: Feminismos Populares, realizado junto a compa\u00f1eras de Argentina y coeditado con Am\u00e9rica Libre; le siguieron las Antiprincesas y los Antih\u00e9roes, que de nuestra mano desembarcaron en Colombia gracias a los y las amigas de Chirimbote. \u00daltimamente presentamos tres nuevos t\u00edtulos que nos enorgullecen: editamos al fundador de Telesur, Aram Aharonian; coeditamos junto al sello latinoamericano Ocean Sur un texto fundamental para entender la historia reciente del pa\u00eds, sobre los or\u00edgenes del ELN contados por primera vez por las voces campesinas que le dieron vida; y dimos forma a un texto de voces m\u00faltiples sobre la realidad de Am\u00e9rica Latina, que recorre el continente: fue tambi\u00e9n editado en Argentina y Venezuela. Ese recorrido, breve a\u00fan pero intenso, nos posiciona y nos impone una responsabilidad: brindar una trinchera ideol\u00f3gica para la expresi\u00f3n del pensamiento cr\u00edtico, sumar nuestro granito de arena para que las y los ni\u00f1os desarrollen sus infancias m\u00e1s libres, aportar insumos que retroalimenten la cultura popular.<\/p>\n","protected":false},"excerpt":{"rendered":"<p>Hace apenas una d\u00e9cada decidimos formar una editorial; buscamos un nombre, el que m\u00e1s nos sedujo fue La Fogata: nos gust\u00f3 la idea de encender fueguitos, hacer libros para que brillen con luz propia, y para que ese brillo entusiasme a quienes los lean. Ese fue el nombre del proyecto, al que enseguida se le [&hellip;]<\/p>\n","protected":false},"author":1,"featured_media":0,"parent":0,"menu_order":0,"comment_status":"closed","ping_status":"closed","template":"","meta":{"footnotes":""},"class_list":["post-2039","page","type-page","status-publish","hentry"],"jetpack_sharing_enabled":true,"_links":{"self":[{"href":"https:\/\/lafogataeditorial.com\/index.php?rest_route=\/wp\/v2\/pages\/2039","targetHints":{"allow":["GET"]}}],"collection":[{"href":"https:\/\/lafogataeditorial.com\/index.php?rest_route=\/wp\/v2\/pages"}],"about":[{"href":"https:\/\/lafogataeditorial.com\/index.php?rest_route=\/wp\/v2\/types\/page"}],"author":[{"embeddable":true,"href":"https:\/\/lafogataeditorial.com\/index.php?rest_route=\/wp\/v2\/users\/1"}],"replies":[{"embeddable":true,"href":"https:\/\/lafogataeditorial.com\/index.php?rest_route=%2Fwp%2Fv2%2Fcomments&post=2039"}],"version-history":[{"count":1,"href":"https:\/\/lafogataeditorial.com\/index.php?rest_route=\/wp\/v2\/pages\/2039\/revisions"}],"predecessor-version":[{"id":2040,"href":"https:\/\/lafogataeditorial.com\/index.php?rest_route=\/wp\/v2\/pages\/2039\/revisions\/2040"}],"wp:attachment":[{"href":"https:\/\/lafogataeditorial.com\/index.php?rest_route=%2Fwp%2Fv2%2Fmedia&parent=2039"}],"curies":[{"name":"wp","href":"https:\/\/api.w.org\/{rel}","templated":true}]}}